{"id":1541,"date":"2026-04-13T18:28:42","date_gmt":"2026-04-13T18:28:42","guid":{"rendered":"https:\/\/bhrinsaat.com\/?page_id=1541"},"modified":"2026-04-13T18:29:55","modified_gmt":"2026-04-13T18:29:55","slug":"celik","status":"publish","type":"page","link":"https:\/\/bhrinsaat.com\/index.php\/celik\/","title":{"rendered":"\u00e7elik"},"content":{"rendered":"<p>Projelerinize uygun, \u00f6l\u00e7\u00fc ve toleranslara sad\u0131k, montaja haz\u0131r \u00e7elik imalat \u00e7\u00f6z\u00fcmleri \u00fcretiyoruz. Tek par\u00e7a imalatlardan a\u011f\u0131r \u00e7elik konstr\u00fcksiyonlara kadar t\u00fcm s\u00fcreci tek elden y\u00f6netiyor; malzeme temininden kalite kontrole, y\u00fczey haz\u0131rl\u0131\u011f\u0131ndan sevkiyata kadar \u015feffaf bir plan sunuyoruz. Hedefimiz; dayan\u0131m, g\u00fcvenlik ve zaman\u0131nda teslim.<\/p>\n<p>\u00c7elik Konstr\u00fcksiyon: Yap\u0131larda G\u00fcven, Esneklik ve H\u0131z<br \/>\n\u200b\u00c7elik konstr\u00fcksiyon sistemleri; end\u00fcstriyel tesislerden modern ya\u015fam alanlar\u0131na kadar, sa\u011flaml\u0131\u011f\u0131n ve esteti\u011fin bir arada sunuldu\u011fu en ileri yap\u0131 teknolojisidir. T\u00fcm ta\u015f\u0131y\u0131c\u0131 sistemin \u00e7elikten \u00fcretildi\u011fi bu y\u00f6ntem, deprem g\u00fcvenli\u011finden montaj h\u0131z\u0131na kadar pek \u00e7ok kritik avantaj\u0131 beraberinde getirir.<\/p>\n","protected":false},"excerpt":{"rendered":"<p>Projelerinize uygun, \u00f6l\u00e7\u00fc ve toleranslara sad\u0131k, montaja haz\u0131r \u00e7elik imalat \u00e7\u00f6z\u00fcmleri \u00fcretiyoruz. Tek par\u00e7a imalatlardan a\u011f\u0131r \u00e7elik konstr\u00fcksiyonlara kadar t\u00fcm s\u00fcreci tek elden y\u00f6netiyor; malzeme&hellip;<\/p>\n","protected":false},"author":1,"featured_media":0,"parent":0,"menu_order":0,"comment_status":"closed","ping_status":"closed","template":"","meta":{"footnotes":""},"class_list":["post-1541","page","type-page","status-publish","hentry"],"_links":{"self":[{"href":"https:\/\/bhrinsaat.com\/index.php\/wp-json\/wp\/v2\/pages\/1541","targetHints":{"allow":["GET"]}}],"collection":[{"href":"https:\/\/bhrinsaat.com\/index.php\/wp-json\/wp\/v2\/pages"}],"about":[{"href":"https:\/\/bhrinsaat.com\/index.php\/wp-json\/wp\/v2\/types\/page"}],"author":[{"embeddable":true,"href":"https:\/\/bhrinsaat.com\/index.php\/wp-json\/wp\/v2\/users\/1"}],"replies":[{"embeddable":true,"href":"https:\/\/bhrinsaat.com\/index.php\/wp-json\/wp\/v2\/comments?post=1541"}],"version-history":[{"count":1,"href":"https:\/\/bhrinsaat.com\/index.php\/wp-json\/wp\/v2\/pages\/1541\/revisions"}],"predecessor-version":[{"id":1542,"href":"https:\/\/bhrinsaat.com\/index.php\/wp-json\/wp\/v2\/pages\/1541\/revisions\/1542"}],"wp:attachment":[{"href":"https:\/\/bhrinsaat.com\/index.php\/wp-json\/wp\/v2\/media?parent=1541"}],"curies":[{"name":"wp","href":"https:\/\/api.w.org\/{rel}","templated":true}]}}