{"id":185,"date":"2018-02-28T03:53:09","date_gmt":"2018-02-28T03:53:09","guid":{"rendered":"http:\/\/offshorethemes.com\/demo\/sparkconstruction\/?page_id=185"},"modified":"2026-04-13T19:08:29","modified_gmt":"2026-04-13T19:08:29","slug":"contact","status":"publish","type":"page","link":"https:\/\/bhrinsaat.com\/index.php\/contact\/","title":{"rendered":"\u0130leti\u015fim"},"content":{"rendered":"\r\n<div class=\"wp-block-group alignwide has-white-background-color has-background is-layout-constrained wp-container-core-group-is-layout-27db23f9 wp-block-group-is-layout-constrained\" style=\"padding-top: var(--wp--preset--spacing--80); padding-right: 20px; padding-left: 20px;\">\r\n<div class=\"wp-block-group alignwide is-layout-flow wp-container-core-group-is-layout-9e40f159 wp-block-group-is-layout-flow\" style=\"padding-bottom: 30px;\">\r\n<div class=\"wp-block-group alignwide is-layout-flow wp-block-group-is-layout-flow\" style=\"padding-right: 10%; padding-bottom: 40px; padding-left: 10%;\">\r\n<div class=\"wp-block-group animated animated-fadeInUp is-content-justification-center is-nowrap is-layout-flex wp-container-core-group-is-layout-eff0ac72 wp-block-group-is-layout-flex\">\r\n<div class=\"wp-block-group is-layout-flow wp-block-group-is-layout-flow\"><hr class=\"wp-block-separator has-text-color has-primary-color has-alpha-channel-opacity has-primary-background-color has-background\" \/><\/div>\r\n\r\n\r\n\r\n<p class=\"has-text-align-left has-primary-color has-text-color has-medium-font-size\" style=\"letter-spacing: 1px;\">\u0130leti\u015fim Bilgilerimiz<\/p>\r\n\r\n\r\n\r\n<div class=\"wp-block-group is-layout-flow wp-block-group-is-layout-flow\"><hr class=\"wp-block-separator has-text-color has-primary-color has-alpha-channel-opacity has-primary-background-color has-background\" \/><\/div>\r\n<\/div>\r\n\r\n\r\n\r\n<h2 class=\"has-text-align-center animated animated-fadeInUp has-slider-title-font-size wp-block-heading\" style=\"line-height: 1.3;\">\u0130leti\u015fime ge\u00e7mek i\u00e7in a\u015fa\u011f\u0131daki form, telefon numaras\u0131 ve mailleri kullanabilirsiniz.<\/h2>\r\n\r\n\r\n\r\n<p class=\"has-text-align-center has-medium-font-size\">\u00a0<\/p>\r\n<\/div>\r\n<\/div>\r\n\r\n\r\n\r\n<div class=\"wp-block-group alignwide is-layout-flow wp-block-group-is-layout-flow\" style=\"padding-top: 16px;\">\r\n<div class=\"wp-block-group is-layout-flow wp-block-group-is-layout-flow\">\r\n<div class=\"wp-block-group alignwide is-layout-flow wp-block-group-is-layout-flow\">\r\n<div class=\"wp-block-columns is-layout-flex wp-container-core-columns-is-layout-28f84493 wp-block-columns-is-layout-flex\">\r\n<div class=\"wp-block-column is-layout-flow wp-block-column-is-layout-flow\">\r\n<div class=\"wp-block-group alignwide has-shadow-dark animated animated-fadeInUp has-white-background-color has-background is-layout-constrained wp-container-core-group-is-layout-69de643f wp-block-group-is-layout-constrained\" style=\"border-radius: 5px; padding: 40px;\">\r\n<div class=\"wp-block-group is-layout-flow wp-block-group-is-layout-flow\" style=\"padding-bottom: 15px;\">\r\n<figure class=\"wp-block-image aligncenter size-full has-custom-border\"><img loading=\"lazy\" decoding=\"async\" width=\"36\" height=\"32\" class=\"wp-image-1175\" style=\"border-radius: 0px;\" src=\"https:\/\/bhrinsaat.com\/wp-content\/uploads\/2023\/01\/bubbles.png\" alt=\"\" \/><\/figure>\r\n<\/div>\r\n\r\n\r\n\r\n<h3 class=\"has-text-align-center wp-block-heading\" style=\"margin: 10px;\"><a href=\"#\">\u0130leti\u015fim Numaralar\u0131m\u0131z<\/a><\/h3>\r\n\r\n\r\n\r\n<p class=\"has-text-align-center\">+90 536 776 91 26\u00a0 \u00a0 +90 531 510 51 89<\/p>\r\n<p>\u00a0 \u00a0 \u00a0 \u00d6mer BAHAR\u00a0 \u00a0 \u00a0 \u00a0 \u00a0 \u00a0 \u00a0 \u00a0 \u00a0 \u00a0Osman BAHAR<\/p>\r\n<\/div>\r\n<\/div>\r\n\r\n\r\n\r\n<div class=\"wp-block-column is-layout-flow wp-block-column-is-layout-flow\">\r\n<div class=\"wp-block-group alignwide has-shadow-dark animated animated-fadeInUp has-white-background-color has-background is-layout-constrained wp-container-core-group-is-layout-69de643f wp-block-group-is-layout-constrained\" style=\"border-radius: 5px; padding: 40px;\">\r\n<div class=\"wp-block-group is-layout-flow wp-block-group-is-layout-flow\" style=\"padding-bottom: 15px;\">\r\n<figure class=\"wp-block-image aligncenter size-full has-custom-border\"><img loading=\"lazy\" decoding=\"async\" width=\"36\" height=\"32\" class=\"wp-image-1175\" style=\"border-radius: 0px;\" src=\"https:\/\/bhrinsaat.com\/wp-content\/uploads\/2023\/01\/bubbles.png\" alt=\"\" \/><\/figure>\r\n<\/div>\r\n\r\n\r\n\r\n<h3 class=\"has-text-align-center wp-block-heading\" style=\"margin: 10px;\"><a href=\"#\">Email\u00a0<\/a><\/h3>\r\n\r\n\r\n\r\n<table class=\"pul-list__table\">\r\n<tbody>\r\n<tr class=\"\">\r\n<td class=\"pul-list__cell-first pul-list__cell-title\"><a href=\"https:\/\/mayranet.com:8443\/smb\/email-address\/edit\/id\/352\/domainId\/403\" data-discover=\"true\">info@bhrinsaat.com<\/a><\/td>\r\n<\/tr>\r\n<\/tbody>\r\n<\/table>\r\n<\/div>\r\n<\/div>\r\n\r\n\r\n\r\n<div class=\"wp-block-column is-layout-flow wp-block-column-is-layout-flow\">\r\n<div class=\"wp-block-group alignwide has-shadow-dark animated animated-fadeInUp has-white-background-color has-background is-layout-constrained wp-container-core-group-is-layout-69de643f wp-block-group-is-layout-constrained\" style=\"border-radius: 5px; padding: 40px;\">\r\n<div class=\"wp-block-group is-layout-flow wp-block-group-is-layout-flow\" style=\"padding-bottom: 15px;\">\r\n<figure class=\"wp-block-image aligncenter size-full has-custom-border\"><img loading=\"lazy\" decoding=\"async\" width=\"36\" height=\"32\" class=\"wp-image-1175\" style=\"border-radius: 0px;\" src=\"https:\/\/bhrinsaat.com\/wp-content\/uploads\/2023\/01\/bubbles.png\" alt=\"\" \/><\/figure>\r\n<\/div>\r\n\r\n\r\n\r\n<h3 class=\"has-text-align-center wp-block-heading\" style=\"margin: 10px;\"><a href=\"#\">Adres<\/a><\/h3>\r\n\r\n\r\n\r\n<p class=\"has-text-align-center\">Dilovas\u0131 \/Kocaeli \/ T\u00fcrkiye<\/p>\r\n<\/div>\r\n<\/div>\r\n<\/div>\r\n<\/div>\r\n\r\n\r\n\r\n<p>&nbsp;<\/p>\r\n\r\n\r\n\r\n<div class=\"wp-block-group alignwide is-layout-flow wp-block-group-is-layout-flow\">\r\n<div class=\"wp-block-columns is-layout-flex wp-container-core-columns-is-layout-28f84493 wp-block-columns-is-layout-flex\">\r\n<div class=\"wp-block-column has-shadow-dark animated animated-fadeInUp is-layout-flow wp-block-column-is-layout-flow\" style=\"padding: 10px;\">\r\n<h3 class=\"wp-block-heading\">\u0130leti\u015fim<\/h3>\r\n\r\n\r\n\n<div class=\"wpcf7 no-js\" id=\"wpcf7-f335-o1\" lang=\"en-US\" dir=\"ltr\" data-wpcf7-id=\"335\">\n<div class=\"screen-reader-response\"><p role=\"status\" aria-live=\"polite\" aria-atomic=\"true\"><\/p> <ul><\/ul><\/div>\n<form action=\"\/index.php\/wp-json\/wp\/v2\/pages\/185#wpcf7-f335-o1\" method=\"post\" class=\"wpcf7-form init\" aria-label=\"Contact form\" novalidate=\"novalidate\" data-status=\"init\">\n<fieldset class=\"hidden-fields-container\"><input type=\"hidden\" name=\"_wpcf7\" value=\"335\" \/><input type=\"hidden\" name=\"_wpcf7_version\" value=\"6.1.5\" \/><input type=\"hidden\" name=\"_wpcf7_locale\" value=\"en_US\" \/><input type=\"hidden\" name=\"_wpcf7_unit_tag\" value=\"wpcf7-f335-o1\" \/><input type=\"hidden\" name=\"_wpcf7_container_post\" value=\"0\" \/><input type=\"hidden\" name=\"_wpcf7_posted_data_hash\" value=\"\" \/>\n<\/fieldset>\n<p><label> Ad soyad<br \/>\n<span class=\"wpcf7-form-control-wrap\" data-name=\"your-name\"><input size=\"40\" maxlength=\"400\" class=\"wpcf7-form-control wpcf7-text wpcf7-validates-as-required\" aria-required=\"true\" aria-invalid=\"false\" value=\"\" type=\"text\" name=\"your-name\" \/><\/span> <\/label>\n<\/p>\n<p><label> E-mail adresiniz<br \/>\n<span class=\"wpcf7-form-control-wrap\" data-name=\"your-email\"><input size=\"40\" maxlength=\"400\" class=\"wpcf7-form-control wpcf7-email wpcf7-validates-as-required wpcf7-text wpcf7-validates-as-email\" aria-required=\"true\" aria-invalid=\"false\" value=\"\" type=\"email\" name=\"your-email\" \/><\/span> <\/label>\n<\/p>\n<p><label> Basl\u0131k<br \/>\n<span class=\"wpcf7-form-control-wrap\" data-name=\"your-subject\"><input size=\"40\" maxlength=\"400\" class=\"wpcf7-form-control wpcf7-text\" aria-invalid=\"false\" value=\"\" type=\"text\" name=\"your-subject\" \/><\/span> <\/label>\n<\/p>\n<p><label> Mesaj\u0131n\u0131z\u0131 Yaz\u0131n\u0131z<br \/>\n<span class=\"wpcf7-form-control-wrap\" data-name=\"your-message\"><textarea cols=\"40\" rows=\"10\" maxlength=\"2000\" class=\"wpcf7-form-control wpcf7-textarea\" aria-invalid=\"false\" name=\"your-message\"><\/textarea><\/span> <\/label>\n<\/p>\n<p><input class=\"wpcf7-form-control wpcf7-submit has-spinner\" type=\"submit\" value=\"G\u00f6nder\" \/>\n<\/p><div class=\"wpcf7-response-output\" aria-hidden=\"true\"><\/div>\n<\/form>\n<\/div>\n\n<\/div>\r\n\r\n\r\n<\/div>\r\n<\/div>\r\n<\/div>\r\n<\/div>\r\n<\/div>\r\n<!-- \/wp:post-content -->\r\n\r\n<!-- wp:paragraph -->\r\n<p>&nbsp;<\/p>\r\n<!-- \/wp:paragraph -->","protected":false},"excerpt":{"rendered":"<p>\u0130leti\u015fim Bilgilerimiz \u0130leti\u015fime ge\u00e7mek i\u00e7in a\u015fa\u011f\u0131daki form, telefon numaras\u0131 ve mailleri kullanabilirsiniz. \u00a0 \u0130leti\u015fim Numaralar\u0131m\u0131z +90 536 776 91 26\u00a0 \u00a0 +90 531 510 51&hellip;<\/p>\n","protected":false},"author":1,"featured_media":0,"parent":0,"menu_order":0,"comment_status":"closed","ping_status":"closed","template":"template-pagebuilder.php","meta":{"footnotes":""},"class_list":["post-185","page","type-page","status-publish","hentry"],"_links":{"self":[{"href":"https:\/\/bhrinsaat.com\/index.php\/wp-json\/wp\/v2\/pages\/185","targetHints":{"allow":["GET"]}}],"collection":[{"href":"https:\/\/bhrinsaat.com\/index.php\/wp-json\/wp\/v2\/pages"}],"about":[{"href":"https:\/\/bhrinsaat.com\/index.php\/wp-json\/wp\/v2\/types\/page"}],"author":[{"embeddable":true,"href":"https:\/\/bhrinsaat.com\/index.php\/wp-json\/wp\/v2\/users\/1"}],"replies":[{"embeddable":true,"href":"https:\/\/bhrinsaat.com\/index.php\/wp-json\/wp\/v2\/comments?post=185"}],"version-history":[{"count":13,"href":"https:\/\/bhrinsaat.com\/index.php\/wp-json\/wp\/v2\/pages\/185\/revisions"}],"predecessor-version":[{"id":1577,"href":"https:\/\/bhrinsaat.com\/index.php\/wp-json\/wp\/v2\/pages\/185\/revisions\/1577"}],"wp:attachment":[{"href":"https:\/\/bhrinsaat.com\/index.php\/wp-json\/wp\/v2\/media?parent=185"}],"curies":[{"name":"wp","href":"https:\/\/api.w.org\/{rel}","templated":true}]}}