{"id":416,"date":"2019-04-19T07:05:14","date_gmt":"2019-04-19T07:05:14","guid":{"rendered":"http:\/\/demo.sparklewpthemes.com\/constructionlight\/?page_id=416"},"modified":"2026-04-05T13:23:31","modified_gmt":"2026-04-05T13:23:31","slug":"we-realize-your-dream","status":"publish","type":"page","link":"https:\/\/bhrinsaat.com\/index.php\/we-realize-your-dream\/","title":{"rendered":"Hayallerinizi ger\u00e7ekle\u015ftiriyoruz"},"content":{"rendered":"<ul data-start=\"133\" data-end=\"346\">\n<li data-section-id=\"hgc5yf\" data-start=\"133\" data-end=\"186\">Hayallerinizi tu\u011fla tu\u011fla ger\u00e7e\u011fe d\u00f6n\u00fc\u015ft\u00fcr\u00fcyoruz.<\/li>\n<li data-section-id=\"hm14by\" data-start=\"187\" data-end=\"225\">D\u00fc\u015fledi\u011finiz ya\u015fam\u0131 in\u015fa ediyoruz.<\/li>\n<li data-section-id=\"dtpla1\" data-start=\"226\" data-end=\"254\">Hayal edin, biz yapal\u0131m.<\/li>\n<li data-section-id=\"nqubbr\" data-start=\"255\" data-end=\"294\">Sizin hayaliniz, bizim ustal\u0131\u011f\u0131m\u0131z.<\/li>\n<li data-section-id=\"1s7ilbc\" data-start=\"295\" data-end=\"346\">Gelece\u011finizin temelini hayallerinizle at\u0131yoruz.<\/li>\n<\/ul>\n","protected":false},"excerpt":{"rendered":"<p>Hayallerinizi tu\u011fla tu\u011fla ger\u00e7e\u011fe d\u00f6n\u00fc\u015ft\u00fcr\u00fcyoruz. D\u00fc\u015fledi\u011finiz ya\u015fam\u0131 in\u015fa ediyoruz. Hayal edin, biz yapal\u0131m. Sizin hayaliniz, bizim ustal\u0131\u011f\u0131m\u0131z. Gelece\u011finizin temelini hayallerinizle at\u0131yoruz.<\/p>\n","protected":false},"author":1,"featured_media":576,"parent":0,"menu_order":0,"comment_status":"closed","ping_status":"closed","template":"","meta":{"footnotes":""},"class_list":["post-416","page","type-page","status-publish","has-post-thumbnail","hentry"],"_links":{"self":[{"href":"https:\/\/bhrinsaat.com\/index.php\/wp-json\/wp\/v2\/pages\/416","targetHints":{"allow":["GET"]}}],"collection":[{"href":"https:\/\/bhrinsaat.com\/index.php\/wp-json\/wp\/v2\/pages"}],"about":[{"href":"https:\/\/bhrinsaat.com\/index.php\/wp-json\/wp\/v2\/types\/page"}],"author":[{"embeddable":true,"href":"https:\/\/bhrinsaat.com\/index.php\/wp-json\/wp\/v2\/users\/1"}],"replies":[{"embeddable":true,"href":"https:\/\/bhrinsaat.com\/index.php\/wp-json\/wp\/v2\/comments?post=416"}],"version-history":[{"count":3,"href":"https:\/\/bhrinsaat.com\/index.php\/wp-json\/wp\/v2\/pages\/416\/revisions"}],"predecessor-version":[{"id":1492,"href":"https:\/\/bhrinsaat.com\/index.php\/wp-json\/wp\/v2\/pages\/416\/revisions\/1492"}],"wp:featuredmedia":[{"embeddable":true,"href":"https:\/\/bhrinsaat.com\/index.php\/wp-json\/wp\/v2\/media\/576"}],"wp:attachment":[{"href":"https:\/\/bhrinsaat.com\/index.php\/wp-json\/wp\/v2\/media?parent=416"}],"curies":[{"name":"wp","href":"https:\/\/api.w.org\/{rel}","templated":true}]}}